{"id":175,"date":"2024-08-09T17:08:51","date_gmt":"2024-08-09T20:08:51","guid":{"rendered":"https:\/\/vinhosdimaria.com.br\/site\/?post_type=product&#038;p=175"},"modified":"2026-02-27T12:50:27","modified_gmt":"2026-02-27T15:50:27","slug":"porta-vinho-com-armando-memoria","status":"publish","type":"product","link":"https:\/\/vinhosdimaria.com.br\/site\/?product=porta-vinho-com-armando-memoria","title":{"rendered":"Porta vinho com Armando Mem\u00f3ria"},"content":{"rendered":"<p class=\"description\">Vinho Tinto Armando Mem\u00f3ria Merlot &#8211; Peterlongo<\/p>\n<p class=\"description\">Porta vinho algod\u00e3o cru com mensagem e al\u00e7a de couro ecol\u00f3gico<\/p>\n","protected":false},"excerpt":{"rendered":"<p>Vinho Tinto Armando Mem\u00f3ria Merlot &#8211; Peterlongo Porta vinho algod\u00e3o cru com mensagem e al\u00e7a de couro ecol\u00f3gico<\/p>\n","protected":false},"featured_media":176,"template":"","meta":[],"product_cat":[31],"product_tag":[],"class_list":{"0":"post-175","1":"product","2":"type-product","3":"status-publish","4":"has-post-thumbnail","6":"product_cat-kit","8":"first","9":"instock","10":"shipping-taxable","11":"purchasable","12":"product-type-simple"},"_links":{"self":[{"href":"https:\/\/vinhosdimaria.com.br\/site\/index.php?rest_route=\/wp\/v2\/product\/175","targetHints":{"allow":["GET"]}}],"collection":[{"href":"https:\/\/vinhosdimaria.com.br\/site\/index.php?rest_route=\/wp\/v2\/product"}],"about":[{"href":"https:\/\/vinhosdimaria.com.br\/site\/index.php?rest_route=\/wp\/v2\/types\/product"}],"wp:featuredmedia":[{"embeddable":true,"href":"https:\/\/vinhosdimaria.com.br\/site\/index.php?rest_route=\/wp\/v2\/media\/176"}],"wp:attachment":[{"href":"https:\/\/vinhosdimaria.com.br\/site\/index.php?rest_route=%2Fwp%2Fv2%2Fmedia&parent=175"}],"wp:term":[{"taxonomy":"product_cat","embeddable":true,"href":"https:\/\/vinhosdimaria.com.br\/site\/index.php?rest_route=%2Fwp%2Fv2%2Fproduct_cat&post=175"},{"taxonomy":"product_tag","embeddable":true,"href":"https:\/\/vinhosdimaria.com.br\/site\/index.php?rest_route=%2Fwp%2Fv2%2Fproduct_tag&post=175"}],"curies":[{"name":"wp","href":"https:\/\/api.w.org\/{rel}","templated":true}]}}