{"id":71,"date":"2023-08-01T10:47:30","date_gmt":"2023-08-01T13:47:30","guid":{"rendered":"https:\/\/vinhosdimaria.com.br\/site\/?post_type=product&#038;p=71"},"modified":"2026-02-27T12:49:20","modified_gmt":"2026-02-27T15:49:20","slug":"sacola-ecobag","status":"publish","type":"product","link":"https:\/\/vinhosdimaria.com.br\/site\/?product=sacola-ecobag","title":{"rendered":"Sacola Eco Bag &#8211; Vinhos di Maria"},"content":{"rendered":"<p class=\"description\">Sacola Ecobag Algod\u00e3o 20x 35 cm<\/p>\n<p class=\"description\">Frase: &#8220;Eu levo vinho, sorrisos e boas hist\u00f3rias!&#8221;<\/p>\n<p class=\"description\">Pe\u00e7a produzida com mat\u00e9ria-prima ambientalmente correta, socialmente justa e economicamente sustent\u00e1vel.<\/p>\n<p class=\"description\">100% algod\u00e3o<\/p>\n","protected":false},"excerpt":{"rendered":"<p>Sacola Ecobag Algod\u00e3o 20x 35 cm Frase: &#8220;Eu levo vinho, sorrisos e boas hist\u00f3rias!&#8221; Pe\u00e7a produzida com mat\u00e9ria-prima ambientalmente correta, socialmente justa e economicamente sustent\u00e1vel. 100% algod\u00e3o<\/p>\n","protected":false},"featured_media":72,"template":"","meta":[],"product_cat":[32],"product_tag":[],"class_list":{"0":"post-71","1":"product","2":"type-product","3":"status-publish","4":"has-post-thumbnail","6":"product_cat-acessorios","8":"first","9":"instock","10":"shipping-taxable","11":"purchasable","12":"product-type-simple"},"_links":{"self":[{"href":"https:\/\/vinhosdimaria.com.br\/site\/index.php?rest_route=\/wp\/v2\/product\/71","targetHints":{"allow":["GET"]}}],"collection":[{"href":"https:\/\/vinhosdimaria.com.br\/site\/index.php?rest_route=\/wp\/v2\/product"}],"about":[{"href":"https:\/\/vinhosdimaria.com.br\/site\/index.php?rest_route=\/wp\/v2\/types\/product"}],"wp:featuredmedia":[{"embeddable":true,"href":"https:\/\/vinhosdimaria.com.br\/site\/index.php?rest_route=\/wp\/v2\/media\/72"}],"wp:attachment":[{"href":"https:\/\/vinhosdimaria.com.br\/site\/index.php?rest_route=%2Fwp%2Fv2%2Fmedia&parent=71"}],"wp:term":[{"taxonomy":"product_cat","embeddable":true,"href":"https:\/\/vinhosdimaria.com.br\/site\/index.php?rest_route=%2Fwp%2Fv2%2Fproduct_cat&post=71"},{"taxonomy":"product_tag","embeddable":true,"href":"https:\/\/vinhosdimaria.com.br\/site\/index.php?rest_route=%2Fwp%2Fv2%2Fproduct_tag&post=71"}],"curies":[{"name":"wp","href":"https:\/\/api.w.org\/{rel}","templated":true}]}}